{"id":22,"date":"2022-05-30T20:02:49","date_gmt":"2022-05-30T20:02:49","guid":{"rendered":"https:\/\/new.artvill.hu\/?page_id=22"},"modified":"2022-06-01T18:59:58","modified_gmt":"2022-06-01T18:59:58","slug":"about","status":"publish","type":"page","link":"https:\/\/new.artvill.hu\/hu\/about\/","title":{"rendered":"About"},"content":{"rendered":"<style>\/*! elementor - v3.6.5 - 27-04-2022 *\/\n.e-container.e-container--row .elementor-spacer-inner{width:var(--spacer-size)}.e-container.e-container--column .elementor-spacer-inner,.elementor-column .elementor-spacer-inner{height:var(--spacer-size)}<\/style>\n<style>\/*! elementor - v3.6.5 - 27-04-2022 *\/\n.elementor-widget-image{text-align:center}.elementor-widget-image a{display:inline-block}.elementor-widget-image a img[src$=\".svg\"]{width:48px}.elementor-widget-image img{vertical-align:middle;display:inline-block}<\/style>\n<p>\t\t\t\t\t\t\t\t\t\t\t\t\t<a href=\"https:\/\/new.artvill.hu\/\"><br \/>\n\t\t\t\t\t\t\t<img decoding=\"async\" width=\"300\" height=\"101\" src=\"https:\/\/new.artvill.hu\/wp-content\/uploads\/2022\/06\/Artvill_logo_rendered_white-300x101.png\" alt=\"\" loading=\"lazy\" srcset=\"https:\/\/new.artvill.hu\/wp-content\/uploads\/2022\/06\/Artvill_logo_rendered_white-300x101.png 300w, https:\/\/new.artvill.hu\/wp-content\/uploads\/2022\/06\/Artvill_logo_rendered_white-1024x345.png 1024w, https:\/\/new.artvill.hu\/wp-content\/uploads\/2022\/06\/Artvill_logo_rendered_white-768x259.png 768w, https:\/\/new.artvill.hu\/wp-content\/uploads\/2022\/06\/Artvill_logo_rendered_white.png 1485w\" sizes=\"auto, (max-width: 300px) 100vw, 300px\" \/>\t\t\t\t\t\t\t\t<\/a><\/p>\n<ul id=\"menu-main\">\n<li id=\"menu-item-35\"><a href=\"https:\/\/new.artvill.hu\/\">Homepage<\/a><\/li>\n<li id=\"menu-item-33\"><a href=\"https:\/\/new.artvill.hu\/about\/\">About<\/a><\/li>\n<li id=\"menu-item-32\"><a href=\"https:\/\/new.artvill.hu\/services\/\">Services<\/a><\/li>\n<li id=\"menu-item-34\"><a href=\"https:\/\/new.artvill.hu\/contact\/\">Contact<\/a><\/li>\n<\/ul>\n<style>\/*! elementor - v3.6.5 - 27-04-2022 *\/\n.elementor-heading-title{padding:0;margin:0;line-height:1}.elementor-widget-heading .elementor-heading-title[class*=elementor-size-]>a{color:inherit;font-size:inherit;line-height:inherit}.elementor-widget-heading .elementor-heading-title.elementor-size-small{font-size:15px}.elementor-widget-heading .elementor-heading-title.elementor-size-medium{font-size:19px}.elementor-widget-heading .elementor-heading-title.elementor-size-large{font-size:29px}.elementor-widget-heading .elementor-heading-title.elementor-size-xl{font-size:39px}.elementor-widget-heading .elementor-heading-title.elementor-size-xxl{font-size:59px}<\/style>\n<h1>ABOUT OUR COMPANY<\/h1>\n<p>C\u00e9g\u00fcnket, az Artvill M\u00e9rn\u00f6ki Iroda Kft-t 1994-ban hoztuk l\u00e9tre, az alap\u00edt\u00f3k t\u00f6bb \u00e9vtizedes tervez\u00e9si szakmai tapasztalat\u00e1ra \u00e9p\u00edtve.<\/p>\n<p><strong>Irod\u00e1nk profiljai \u00e9p\u00fcletvillamoss\u00e1gi tervez\u00e9s, tan\u00e1csad\u00e1s illetve m\u0171szaki ellen\u0151rz\u00e9s.<\/strong><\/p>\n<p>F\u0151 profilunk gener\u00e1ltervez\u0151i szeml\u00e9letm\u00f3ddal egyedi ig\u00e9nyeket is kiel\u00e9g\u00edt\u0151, magas sz\u00ednvonal\u00fa \u00e9p\u00fcletvillamoss\u00e1gi \u2013 er\u0151s, gyenge\u00e1ram\u00fa -bele\u00e9rtve a t\u0171zjelz\u0151 rendszereket-, \u00e9p\u00fcletg\u00e9p\u00e9szeti automatika tervek k\u00e9sz\u00edt\u00e9se.<\/p>\n<p><strong>Nagyfok\u00fa tapasztalattal rendelkez\u00fcnk az \u00e9p\u00fcletvillamoss\u00e1gi tervez\u00e9si \u00e9s m\u00e9rn\u00f6ki szolg\u00e1ltat\u00e1sok ter\u00fclet\u00e9n.<\/strong><\/p>\n<p>Terveink alapj\u00e1n sz\u00e1mos k\u00f6z\u00f6ss\u00e9gi-, lak\u00f3-, iroda-, kereskedelmi-, sz\u00e1lloda \u00e9s ipari l\u00e9tes\u00edtm\u00e9ny, sz\u00e1m\u00edt\u00f3g\u00e9pk\u00f6zpont val\u00f3sult meg, melyek referenciak\u00e9nt szolg\u00e1lnak a munk\u00e1nkra. Szakmai csapatunk dinamikus, magasan k\u00e9pzett m\u00e9rn\u00f6k\u00f6kb\u0151l \u00e1ll, akik keresik a szakmai kih\u00edv\u00e1sokat, hogy a felel\u0151ss\u00e9gteljes hozz\u00e1\u00e1ll\u00e1sunkb\u00f3l innovat\u00edv \u00e9p\u00fcletek \u00e9p\u00fclhessenek meg. Irod\u00e1nk jelenleg h\u00e9t f\u0151vel dolgozik,\u00e9s szakmai alv\u00e1llalkoz\u00f3ival \u00e9vtizedek \u00f3ta m\u0171k\u00f6dik egy\u00fctt.<\/p>\n<p>\t\t\t<a href=\"https:\/\/new.artvill.hu\/contact\/\" role=\"button\" id=\"contact-us\"><br \/>\n\t\t\t\t\t\tCONTACT US!<br \/>\n\t\t\t\t\t<\/a><\/p>\n<h3>Artvill M\u00e9rn\u00f6ki Iroda Kft.<\/h3>\n<h3 style=\"text-align: right;\">1113 Budapest, Vill\u00e1nyi \u00fat 40\/B. | Tel: 06-1-785-4103 | email: artvill@artvill.hu<\/h3>\n","protected":false},"excerpt":{"rendered":"<p>Homepage About Services Contact ABOUT OUR COMPANY C\u00e9g\u00fcnket, az Artvill M\u00e9rn\u00f6ki Iroda Kft-t 1994-ban hoztuk l\u00e9tre, az alap\u00edt\u00f3k t\u00f6bb \u00e9vtizedes tervez\u00e9si szakmai tapasztalat\u00e1ra \u00e9p\u00edtve. Irod\u00e1nk profiljai \u00e9p\u00fcletvillamoss\u00e1gi tervez\u00e9s, tan\u00e1csad\u00e1s illetve m\u0171szaki ellen\u0151rz\u00e9s. F\u0151 profilunk gener\u00e1ltervez\u0151i szeml\u00e9letm\u00f3ddal egyedi ig\u00e9nyeket is kiel\u00e9g\u00edt\u0151, magas sz\u00ednvonal\u00fa \u00e9p\u00fcletvillamoss\u00e1gi \u2013 er\u0151s, gyenge\u00e1ram\u00fa -bele\u00e9rtve a t\u0171zjelz\u0151 rendszereket-, \u00e9p\u00fcletg\u00e9p\u00e9szeti automatika tervek k\u00e9sz\u00edt\u00e9se. Nagyfok\u00fa<\/p><\/div>\n<div class=\"blog-btn\"><a href=\"https:\/\/new.artvill.hu\/hu\/about\/\" class=\"home-blog-btn\">Read More<\/a><\/p>\n","protected":false},"author":2,"featured_media":0,"parent":0,"menu_order":0,"comment_status":"closed","ping_status":"closed","template":"elementor_canvas","meta":{"footnotes":""},"class_list":["post-22","page","type-page","status-publish","hentry"],"translation":{"provider":"WPGlobus","version":"2.8.11","language":"hu","enabled_languages":["en","hu"],"languages":{"en":{"title":true,"content":true,"excerpt":false},"hu":{"title":true,"content":true,"excerpt":false}}},"_links":{"self":[{"href":"https:\/\/new.artvill.hu\/hu\/wp-json\/wp\/v2\/pages\/22","targetHints":{"allow":["GET"]}}],"collection":[{"href":"https:\/\/new.artvill.hu\/hu\/wp-json\/wp\/v2\/pages"}],"about":[{"href":"https:\/\/new.artvill.hu\/hu\/wp-json\/wp\/v2\/types\/page"}],"author":[{"embeddable":true,"href":"https:\/\/new.artvill.hu\/hu\/wp-json\/wp\/v2\/users\/2"}],"replies":[{"embeddable":true,"href":"https:\/\/new.artvill.hu\/hu\/wp-json\/wp\/v2\/comments?post=22"}],"version-history":[{"count":73,"href":"https:\/\/new.artvill.hu\/hu\/wp-json\/wp\/v2\/pages\/22\/revisions"}],"predecessor-version":[{"id":530,"href":"https:\/\/new.artvill.hu\/hu\/wp-json\/wp\/v2\/pages\/22\/revisions\/530"}],"wp:attachment":[{"href":"https:\/\/new.artvill.hu\/hu\/wp-json\/wp\/v2\/media?parent=22"}],"curies":[{"name":"wp","href":"https:\/\/api.w.org\/{rel}","templated":true}]}}