{"id":15,"date":"2022-05-30T19:58:36","date_gmt":"2022-05-30T19:58:36","guid":{"rendered":"https:\/\/new.artvill.hu\/?page_id=15"},"modified":"2022-06-01T21:00:12","modified_gmt":"2022-06-01T21:00:12","slug":"homepage","status":"publish","type":"page","link":"https:\/\/new.artvill.hu\/hu\/","title":{"rendered":"Honlap"},"content":{"rendered":"<style>\/*! elementor - v3.6.5 - 27-04-2022 *\/\n.e-container.e-container--row .elementor-spacer-inner{width:var(--spacer-size)}.e-container.e-container--column .elementor-spacer-inner,.elementor-column .elementor-spacer-inner{height:var(--spacer-size)}<\/style>\n<style>\/*! elementor - v3.6.5 - 27-04-2022 *\/\n.elementor-widget-image{text-align:center}.elementor-widget-image a{display:inline-block}.elementor-widget-image a img[src$=\".svg\"]{width:48px}.elementor-widget-image img{vertical-align:middle;display:inline-block}<\/style>\n<p>\t\t\t\t\t\t\t\t\t\t\t\t\t<a href=\"https:\/\/new.artvill.hu\/\"><br \/>\n\t\t\t\t\t\t\t<img decoding=\"async\" width=\"300\" height=\"101\" src=\"https:\/\/new.artvill.hu\/wp-content\/uploads\/2022\/06\/Artvill_logo_rendered_white-300x101.png\" alt=\"\" loading=\"lazy\" srcset=\"https:\/\/new.artvill.hu\/wp-content\/uploads\/2022\/06\/Artvill_logo_rendered_white-300x101.png 300w, https:\/\/new.artvill.hu\/wp-content\/uploads\/2022\/06\/Artvill_logo_rendered_white-1024x345.png 1024w, https:\/\/new.artvill.hu\/wp-content\/uploads\/2022\/06\/Artvill_logo_rendered_white-768x259.png 768w, https:\/\/new.artvill.hu\/wp-content\/uploads\/2022\/06\/Artvill_logo_rendered_white.png 1485w\" sizes=\"auto, (max-width: 300px) 100vw, 300px\" \/>\t\t\t\t\t\t\t\t<\/a><\/p>\n<ul id=\"menu-main\">\n<li id=\"menu-item-35\"><a href=\"https:\/\/new.artvill.hu\/\">Homepage<\/a><\/li>\n<li id=\"menu-item-33\"><a href=\"https:\/\/new.artvill.hu\/about\/\">About<\/a><\/li>\n<li id=\"menu-item-32\"><a href=\"https:\/\/new.artvill.hu\/services\/\">Services<\/a><\/li>\n<li id=\"menu-item-34\"><a href=\"https:\/\/new.artvill.hu\/contact\/\">Contact<\/a><\/li>\n<\/ul>\n<p>\t\t\t\t\t\t\t\t\t\t\t\t\t\t\t<img decoding=\"async\" width=\"696\" height=\"234\" src=\"https:\/\/new.artvill.hu\/wp-content\/uploads\/2022\/06\/Artvill_logo_rendered_white-1024x345.png\" alt=\"\" loading=\"lazy\" srcset=\"https:\/\/new.artvill.hu\/wp-content\/uploads\/2022\/06\/Artvill_logo_rendered_white-1024x345.png 1024w, https:\/\/new.artvill.hu\/wp-content\/uploads\/2022\/06\/Artvill_logo_rendered_white-300x101.png 300w, https:\/\/new.artvill.hu\/wp-content\/uploads\/2022\/06\/Artvill_logo_rendered_white-768x259.png 768w, https:\/\/new.artvill.hu\/wp-content\/uploads\/2022\/06\/Artvill_logo_rendered_white.png 1485w\" sizes=\"auto, (max-width: 696px) 100vw, 696px\" \/>\t\t\t\t\t\t\t\t\t\t\t\t\t\t\t<\/p>\n<style>\/*! elementor - v3.6.5 - 27-04-2022 *\/\n.elementor-heading-title{padding:0;margin:0;line-height:1}.elementor-widget-heading .elementor-heading-title[class*=elementor-size-]>a{color:inherit;font-size:inherit;line-height:inherit}.elementor-widget-heading .elementor-heading-title.elementor-size-small{font-size:15px}.elementor-widget-heading .elementor-heading-title.elementor-size-medium{font-size:19px}.elementor-widget-heading .elementor-heading-title.elementor-size-large{font-size:29px}.elementor-widget-heading .elementor-heading-title.elementor-size-xl{font-size:39px}.elementor-widget-heading .elementor-heading-title.elementor-size-xxl{font-size:59px}<\/style>\n<h1>A J\u00d6V\u0150VEL TERVEZ\u00dcNK<\/h1>\n<p>\t\t\t\t\t\t\t\t\t\t\t\t\t\t\t<img decoding=\"async\" width=\"696\" height=\"464\" src=\"https:\/\/new.artvill.hu\/wp-content\/uploads\/2022\/06\/planning.jpeg-768x512.jpg\" alt=\"\" loading=\"lazy\" srcset=\"https:\/\/new.artvill.hu\/wp-content\/uploads\/2022\/06\/planning.jpeg-768x512.jpg 768w, https:\/\/new.artvill.hu\/wp-content\/uploads\/2022\/06\/planning.jpeg-300x200.jpg 300w, https:\/\/new.artvill.hu\/wp-content\/uploads\/2022\/06\/planning.jpeg-1024x682.jpg 1024w, https:\/\/new.artvill.hu\/wp-content\/uploads\/2022\/06\/planning.jpeg-1536x1023.jpg 1536w, https:\/\/new.artvill.hu\/wp-content\/uploads\/2022\/06\/planning.jpeg.jpg 1600w\" sizes=\"auto, (max-width: 696px) 100vw, 696px\" \/>\t\t\t\t\t\t\t\t\t\t\t\t\t\t\t<\/p>\n<h2>ELEKTROMOS TERVEZ\u00c9S<\/h2>\n<p>F\u0151 profilunk a villamos tervez\u00e9s. Mindent megtesz\u00fcnk az\u00e9rt, hogy \u00fcgyfeleink min\u0151s\u00e9gi \u00e9s gyors megold\u00e1st kapjanak naprak\u00e9sz, pontos villamos tervez\u0151m\u00e9rn\u00f6ki csapatunkt\u00f3l legyen sz\u00f3 er\u0151s\u00e1ram\u00fa, gyenge\u00e1ram\u00fa vagy automatika tervez\u00e9s\u00e9r\u0151l.<\/p>\n<p>\t\t\t\t\t\t\t\t\t\t\t\t\t\t\t<img decoding=\"async\" width=\"696\" height=\"464\" src=\"https:\/\/new.artvill.hu\/wp-content\/uploads\/2022\/06\/consultin-768x512.jpeg\" alt=\"\" loading=\"lazy\" srcset=\"https:\/\/new.artvill.hu\/wp-content\/uploads\/2022\/06\/consultin-768x512.jpeg 768w, https:\/\/new.artvill.hu\/wp-content\/uploads\/2022\/06\/consultin-300x200.jpeg 300w, https:\/\/new.artvill.hu\/wp-content\/uploads\/2022\/06\/consultin-1024x682.jpeg 1024w, https:\/\/new.artvill.hu\/wp-content\/uploads\/2022\/06\/consultin-1536x1023.jpeg 1536w, https:\/\/new.artvill.hu\/wp-content\/uploads\/2022\/06\/consultin.jpeg 1600w\" sizes=\"auto, (max-width: 696px) 100vw, 696px\" \/>\t\t\t\t\t\t\t\t\t\t\t\t\t\t\t<\/p>\n<h2>TAN\u00c1CSAD\u00c1S<\/h2>\n<p>Szakmai tan\u00e1csokkal seg\u00edtj\u00fck, megval\u00f3s\u00edtani elk\u00e9pzel\u00e9seit. Folyamatos projekt k\u00f6vet\u00e9s mellett k\u00f6lts\u00e9ghat\u00e9kony, hossz\u00fat\u00e1v\u00fa megold\u00e1sokat k\u00edn\u00e1lunk, <br \/>Szem el\u0151tt tartjuk a kivitelez\u00e9sre vonatkoz\u00f3 jogszab\u00e1lyokat \u00e9s az egy\u00e9b szak\u00e1gakkal p\u00e1rhuzamos munk\u00e1t az \u00fctk\u00f6z\u00e9sek elker\u00fcl\u00e9se \u00e9rdek\u00e9ben.<\/p>\n<style>\/*! elementor - v3.6.5 - 27-04-2022 *\/\n.elementor-widget-divider{--divider-border-style:none;--divider-border-width:1px;--divider-color:#2c2c2c;--divider-icon-size:20px;--divider-element-spacing:10px;--divider-pattern-height:24px;--divider-pattern-size:20px;--divider-pattern-url:none;--divider-pattern-repeat:repeat-x}.elementor-widget-divider .elementor-divider{display:-webkit-box;display:-ms-flexbox;display:flex}.elementor-widget-divider .elementor-divider__text{font-size:15px;line-height:1;max-width:95%}.elementor-widget-divider .elementor-divider__element{margin:0 var(--divider-element-spacing);-ms-flex-negative:0;flex-shrink:0}.elementor-widget-divider .elementor-icon{font-size:var(--divider-icon-size)}.elementor-widget-divider .elementor-divider-separator{display:-webkit-box;display:-ms-flexbox;display:flex;margin:0;direction:ltr}.elementor-widget-divider--view-line_icon .elementor-divider-separator,.elementor-widget-divider--view-line_text .elementor-divider-separator{-webkit-box-align:center;-ms-flex-align:center;align-items:center}.elementor-widget-divider--view-line_icon .elementor-divider-separator:after,.elementor-widget-divider--view-line_icon .elementor-divider-separator:before,.elementor-widget-divider--view-line_text .elementor-divider-separator:after,.elementor-widget-divider--view-line_text .elementor-divider-separator:before{display:block;content:\"\";border-bottom:0;-webkit-box-flex:1;-ms-flex-positive:1;flex-grow:1;border-top:var(--divider-border-width) var(--divider-border-style) var(--divider-color)}.elementor-widget-divider--element-align-left .elementor-divider .elementor-divider-separator>.elementor-divider__svg:first-of-type{-webkit-box-flex:0;-ms-flex-positive:0;flex-grow:0;-ms-flex-negative:100;flex-shrink:100}.elementor-widget-divider--element-align-left .elementor-divider-separator:before{content:none}.elementor-widget-divider--element-align-left .elementor-divider__element{margin-left:0}.elementor-widget-divider--element-align-right .elementor-divider .elementor-divider-separator>.elementor-divider__svg:last-of-type{-webkit-box-flex:0;-ms-flex-positive:0;flex-grow:0;-ms-flex-negative:100;flex-shrink:100}.elementor-widget-divider--element-align-right .elementor-divider-separator:after{content:none}.elementor-widget-divider--element-align-right .elementor-divider__element{margin-right:0}.elementor-widget-divider:not(.elementor-widget-divider--view-line_text):not(.elementor-widget-divider--view-line_icon) .elementor-divider-separator{border-top:var(--divider-border-width) var(--divider-border-style) var(--divider-color)}.elementor-widget-divider--separator-type-pattern{--divider-border-style:none}.elementor-widget-divider--separator-type-pattern.elementor-widget-divider--view-line .elementor-divider-separator,.elementor-widget-divider--separator-type-pattern:not(.elementor-widget-divider--view-line) .elementor-divider-separator:after,.elementor-widget-divider--separator-type-pattern:not(.elementor-widget-divider--view-line) .elementor-divider-separator:before,.elementor-widget-divider--separator-type-pattern:not([class*=elementor-widget-divider--view]) .elementor-divider-separator{width:100%;min-height:var(--divider-pattern-height);-webkit-mask-size:var(--divider-pattern-size) 100%;mask-size:var(--divider-pattern-size) 100%;-webkit-mask-repeat:var(--divider-pattern-repeat);mask-repeat:var(--divider-pattern-repeat);background-color:var(--divider-color);-webkit-mask-image:var(--divider-pattern-url);mask-image:var(--divider-pattern-url)}.elementor-widget-divider--no-spacing{--divider-pattern-size:auto}.elementor-widget-divider--bg-round{--divider-pattern-repeat:round}.rtl .elementor-widget-divider .elementor-divider__text{direction:rtl}<\/style>\n<h4>LEGUT\u00d3BBI PROJEKTEK:<\/h4>\n<p>\t\t\t\t<img decoding=\"async\" src=\"https:\/\/new.artvill.hu\/wp-content\/uploads\/2022\/06\/10004.jpg\" data-lazy-src=\"https:\/\/new.artvill.hu\/wp-content\/uploads\/2022\/06\/10004.jpg\" alt=\"\"><\/p>\n<h5>Gallery Item Name<\/h5>\n<p>Lorem ipsum dolor sit amet, consectetur adipisicing elit. Quidem, provident.<\/p>\n<p><a href=\"https:\/\/new.artvill.hu\/wp-content\/uploads\/2022\/06\/10004.jpg\" data-elementor-open-lightbox=\"no\"><br \/>\n            <\/a><a href=\"#\"><\/a><br \/>\n\t\t\t\t<img decoding=\"async\" src=\"https:\/\/new.artvill.hu\/wp-content\/uploads\/2022\/06\/20120417-a-cern-komputerkozontja-3.jpg\" data-lazy-src=\"https:\/\/new.artvill.hu\/wp-content\/uploads\/2022\/06\/20120417-a-cern-komputerkozontja-3.jpg\" alt=\"\"><\/p>\n<h5>Gallery Item Name<\/h5>\n<p>Lorem ipsum dolor sit amet, consectetur adipisicing elit. Quidem, provident.<\/p>\n<p><a href=\"https:\/\/new.artvill.hu\/wp-content\/uploads\/2022\/06\/20120417-a-cern-komputerkozontja-3.jpg\" data-elementor-open-lightbox=\"no\"><br \/>\n            <\/a><a href=\"#\"><\/a><br \/>\n\t\t\t\t<img decoding=\"async\" src=\"https:\/\/new.artvill.hu\/wp-content\/uploads\/2022\/06\/MTK_bujno_lelato_este_02.jpg\" data-lazy-src=\"https:\/\/new.artvill.hu\/wp-content\/uploads\/2022\/06\/MTK_bujno_lelato_este_02.jpg\" alt=\"\"><\/p>\n<h5>Gallery Item Name<\/h5>\n<p>Lorem ipsum dolor sit amet, consectetur adipisicing elit. Quidem, provident.<\/p>\n<p><a href=\"https:\/\/new.artvill.hu\/wp-content\/uploads\/2022\/06\/MTK_bujno_lelato_este_02.jpg\" data-elementor-open-lightbox=\"no\"><br \/>\n            <\/a><a href=\"#\"><\/a><br \/>\n\t\t\t\t<img decoding=\"async\" src=\"https:\/\/new.artvill.hu\/wp-content\/plugins\/essential-addons-for-elementor-lite\/\/assets\/front-end\/img\/flexia-preview.jpg\" data-lazy-src=\"https:\/\/new.artvill.hu\/wp-content\/plugins\/essential-addons-for-elementor-lite\/\/assets\/front-end\/img\/flexia-preview.jpg\" alt=\"\"><\/p>\n<h5>Gallery Item Name<\/h5>\n<p>Lorem ipsum dolor sit amet, consectetur adipisicing elit. Quidem, provident.<\/p>\n<p><a href=\"https:\/\/new.artvill.hu\/wp-content\/plugins\/essential-addons-for-elementor-lite\/\/assets\/front-end\/img\/flexia-preview.jpg\" data-elementor-open-lightbox=\"no\"><br \/>\n            <\/a><a href=\"#\"><\/a><br \/>\n\t\t\t\t<img decoding=\"async\" src=\"https:\/\/new.artvill.hu\/wp-content\/plugins\/essential-addons-for-elementor-lite\/\/assets\/front-end\/img\/flexia-preview.jpg\" data-lazy-src=\"https:\/\/new.artvill.hu\/wp-content\/plugins\/essential-addons-for-elementor-lite\/\/assets\/front-end\/img\/flexia-preview.jpg\" alt=\"\"><\/p>\n<h5>Gallery Item Name<\/h5>\n<p>Lorem ipsum dolor sit amet, consectetur adipisicing elit. Quidem, provident.<\/p>\n<p><a href=\"https:\/\/new.artvill.hu\/wp-content\/plugins\/essential-addons-for-elementor-lite\/\/assets\/front-end\/img\/flexia-preview.jpg\" data-elementor-open-lightbox=\"no\"><br \/>\n            <\/a><a href=\"#\"><\/a><br \/>\n\t\t\t\t<img decoding=\"async\" src=\"https:\/\/new.artvill.hu\/wp-content\/plugins\/essential-addons-for-elementor-lite\/\/assets\/front-end\/img\/flexia-preview.jpg\" data-lazy-src=\"https:\/\/new.artvill.hu\/wp-content\/plugins\/essential-addons-for-elementor-lite\/\/assets\/front-end\/img\/flexia-preview.jpg\" alt=\"\"><\/p>\n<h5>Gallery Item Name<\/h5>\n<p>Lorem ipsum dolor sit amet, consectetur adipisicing elit. Quidem, provident.<\/p>\n<p><a href=\"https:\/\/new.artvill.hu\/wp-content\/plugins\/essential-addons-for-elementor-lite\/\/assets\/front-end\/img\/flexia-preview.jpg\" data-elementor-open-lightbox=\"no\"><br \/>\n            <\/a><a href=\"#\"><\/a><br \/>\n                <a href=\"#\"><br \/>\n                        M\u00e9g t\u00f6bb bet\u00f6lt\u00e9se<br \/>\n                                                                                        <\/a><\/p>\n<h3>Artvill M\u00e9rn\u00f6ki Iroda Kft.<\/h3>\n<h3 style=\"text-align: right;\">1113 Budapest, Vill\u00e1nyi \u00fat 40\/B. | Tel: 06-1-785-4103 | email: artvill@artvill.hu<\/h3>\n","protected":false},"excerpt":{"rendered":"<p>Homepage About Services Contact A J\u00d6V\u0150VEL TERVEZ\u00dcNK ELEKTROMOS TERVEZ\u00c9S F\u0151 profilunk a villamos tervez\u00e9s. Mindent megtesz\u00fcnk az\u00e9rt, hogy \u00fcgyfeleink min\u0151s\u00e9gi \u00e9s gyors megold\u00e1st kapjanak naprak\u00e9sz, pontos villamos tervez\u0151m\u00e9rn\u00f6ki csapatunkt\u00f3l legyen sz\u00f3 er\u0151s\u00e1ram\u00fa, gyenge\u00e1ram\u00fa vagy automatika tervez\u00e9s\u00e9r\u0151l. TAN\u00c1CSAD\u00c1S Szakmai tan\u00e1csokkal seg\u00edtj\u00fck, megval\u00f3s\u00edtani elk\u00e9pzel\u00e9seit. Folyamatos projekt k\u00f6vet\u00e9s mellett k\u00f6lts\u00e9ghat\u00e9kony, hossz\u00fat\u00e1v\u00fa megold\u00e1sokat k\u00edn\u00e1lunk, Szem el\u0151tt tartjuk a kivitelez\u00e9sre<\/p><\/div>\n<div class=\"blog-btn\"><a href=\"https:\/\/new.artvill.hu\/hu\/\" class=\"home-blog-btn\">Read More<\/a><\/p>\n","protected":false},"author":2,"featured_media":0,"parent":0,"menu_order":0,"comment_status":"closed","ping_status":"closed","template":"elementor_canvas","meta":{"footnotes":""},"class_list":["post-15","page","type-page","status-publish","hentry"],"translation":{"provider":"WPGlobus","version":"2.8.11","language":"hu","enabled_languages":["en","hu"],"languages":{"en":{"title":true,"content":true,"excerpt":false},"hu":{"title":true,"content":true,"excerpt":false}}},"_links":{"self":[{"href":"https:\/\/new.artvill.hu\/hu\/wp-json\/wp\/v2\/pages\/15","targetHints":{"allow":["GET"]}}],"collection":[{"href":"https:\/\/new.artvill.hu\/hu\/wp-json\/wp\/v2\/pages"}],"about":[{"href":"https:\/\/new.artvill.hu\/hu\/wp-json\/wp\/v2\/types\/page"}],"author":[{"embeddable":true,"href":"https:\/\/new.artvill.hu\/hu\/wp-json\/wp\/v2\/users\/2"}],"replies":[{"embeddable":true,"href":"https:\/\/new.artvill.hu\/hu\/wp-json\/wp\/v2\/comments?post=15"}],"version-history":[{"count":212,"href":"https:\/\/new.artvill.hu\/hu\/wp-json\/wp\/v2\/pages\/15\/revisions"}],"predecessor-version":[{"id":687,"href":"https:\/\/new.artvill.hu\/hu\/wp-json\/wp\/v2\/pages\/15\/revisions\/687"}],"wp:attachment":[{"href":"https:\/\/new.artvill.hu\/hu\/wp-json\/wp\/v2\/media?parent=15"}],"curies":[{"name":"wp","href":"https:\/\/api.w.org\/{rel}","templated":true}]}}